{"id":3672,"date":"2025-07-12T13:03:11","date_gmt":"2025-07-12T12:03:11","guid":{"rendered":"https:\/\/yfconnectivity.com\/?post_type=product&#038;p=3672"},"modified":"2025-07-12T13:03:12","modified_gmt":"2025-07-12T12:03:12","slug":"mpo-apc-stecker","status":"publish","type":"product","link":"https:\/\/yfconnectivity.com\/de\/product\/mpo-apc-connector\/","title":{"rendered":"MPO APC Stecker"},"content":{"rendered":"<p data-start=\"113\" data-end=\"424\">Die <strong data-start=\"117\" data-end=\"138\">MPO APC Stecker<\/strong> ist konzipiert f\u00fcr <strong data-start=\"155\" data-end=\"189\">High-Density-Singlemode-Faser<\/strong> Anwendungen, Unterst\u00fctzung <strong data-start=\"215\" data-end=\"237\">8, 12 oder 24 Kerne<\/strong> in einer kompakten Mehrfaserschnittstelle. Es bietet eine <strong data-start=\"290\" data-end=\"314\">APC-geschliffene Aderendh\u00fclse<\/strong> f\u00fcr \u00fcberlegene optische Leistung mit <strong data-start=\"353\" data-end=\"396\">typische Einf\u00fcgungsd\u00e4mpfung von nur 0,15 dB<\/strong>und <strong data-start=\"402\" data-end=\"423\">R\u00fcckflussd\u00e4mpfung \u226560dB<\/strong>.<\/p>\n<p data-start=\"426\" data-end=\"761\">Mit einer langlebigen Konstruktion einschlie\u00dflich <strong data-start=\"457\" data-end=\"481\">H\u00fclse A\/B-Baugruppe<\/strong>, <strong data-start=\"483\" data-end=\"500\">Nietring<\/strong>und <strong data-start=\"506\" data-end=\"533\">federbelastete Ausrichtung<\/strong>liefert der Stecker \u00fcber <strong data-start=\"563\" data-end=\"585\">1000 Steckzyklen<\/strong>. Seine <strong data-start=\"591\" data-end=\"622\">3,0 mm runde Kabelstruktur<\/strong> und <strong data-start=\"627\" data-end=\"641\">schwarzer Stiefel<\/strong> gew\u00e4hrleisten eine einfache Handhabung und einen stabilen Einbau in <strong data-start=\"690\" data-end=\"706\">Datenzentren<\/strong>, <strong data-start=\"708\" data-end=\"726\">FTTx-Backbones<\/strong>und <strong data-start=\"732\" data-end=\"760\">Hochgeschwindigkeits-Verbindungsleitungen<\/strong>.<\/p>\n<p data-start=\"426\" data-end=\"761\">Steckerteile: Staubkappe, Au\u00dfengeh\u00e4use, Aderendh\u00fclse (A\/B), Feder, Stopfen, Nietring, schwarze Manschette<\/p>","protected":false},"excerpt":{"rendered":"<p>The MPO APC Connector is designed for high-density single-mode fiber applications, supporting 8, 12, or 24 cores in a compact, [&hellip;]<\/p>\n","protected":false},"featured_media":3673,"template":"","meta":{"_acf_changed":false,"site-sidebar-layout":"default","site-content-layout":"","ast-site-content-layout":"default","site-content-style":"default","site-sidebar-style":"default","ast-global-header-display":"","ast-banner-title-visibility":"","ast-main-header-display":"","ast-hfb-above-header-display":"","ast-hfb-below-header-display":"","ast-hfb-mobile-header-display":"","site-post-title":"","ast-breadcrumbs-content":"","ast-featured-img":"","footer-sml-layout":"","ast-disable-related-posts":"","theme-transparent-header-meta":"default","adv-header-id-meta":"","stick-header-meta":"","header-above-stick-meta":"","header-main-stick-meta":"","header-below-stick-meta":"","astra-migrate-meta-layouts":"set","ast-page-background-enabled":"default","ast-page-background-meta":{"desktop":{"background-color":"var(--ast-global-color-5)","background-image":"","background-repeat":"repeat","background-position":"center center","background-size":"auto","background-attachment":"scroll","background-type":"","background-media":"","overlay-type":"","overlay-color":"","overlay-opacity":"","overlay-gradient":""},"tablet":{"background-color":"","background-image":"","background-repeat":"repeat","background-position":"center center","background-size":"auto","background-attachment":"scroll","background-type":"","background-media":"","overlay-type":"","overlay-color":"","overlay-opacity":"","overlay-gradient":""},"mobile":{"background-color":"","background-image":"","background-repeat":"repeat","background-position":"center center","background-size":"auto","background-attachment":"scroll","background-type":"","background-media":"","overlay-type":"","overlay-color":"","overlay-opacity":"","overlay-gradient":""}},"ast-content-background-meta":{"desktop":{"background-color":"var(--ast-global-color-4)","background-image":"","background-repeat":"repeat","background-position":"center center","background-size":"auto","background-attachment":"scroll","background-type":"","background-media":"","overlay-type":"","overlay-color":"","overlay-opacity":"","overlay-gradient":""},"tablet":{"background-color":"var(--ast-global-color-4)","background-image":"","background-repeat":"repeat","background-position":"center center","background-size":"auto","background-attachment":"scroll","background-type":"","background-media":"","overlay-type":"","overlay-color":"","overlay-opacity":"","overlay-gradient":""},"mobile":{"background-color":"var(--ast-global-color-4)","background-image":"","background-repeat":"repeat","background-position":"center center","background-size":"auto","background-attachment":"scroll","background-type":"","background-media":"","overlay-type":"","overlay-color":"","overlay-opacity":"","overlay-gradient":""}}},"product_brand":[],"product_cat":[54],"product_tag":[],"class_list":{"0":"post-3672","1":"product","2":"type-product","3":"status-publish","4":"has-post-thumbnail","6":"product_cat-mpo-fiber-optic-connectors","7":"desktop-align-left","8":"tablet-align-left","9":"mobile-align-left","11":"first","12":"instock","13":"shipping-taxable","14":"product-type-simple"},"acf":[],"_links":{"self":[{"href":"https:\/\/yfconnectivity.com\/de\/wp-json\/wp\/v2\/product\/3672","targetHints":{"allow":["GET"]}}],"collection":[{"href":"https:\/\/yfconnectivity.com\/de\/wp-json\/wp\/v2\/product"}],"about":[{"href":"https:\/\/yfconnectivity.com\/de\/wp-json\/wp\/v2\/types\/product"}],"wp:featuredmedia":[{"embeddable":true,"href":"https:\/\/yfconnectivity.com\/de\/wp-json\/wp\/v2\/media\/3673"}],"wp:attachment":[{"href":"https:\/\/yfconnectivity.com\/de\/wp-json\/wp\/v2\/media?parent=3672"}],"wp:term":[{"taxonomy":"product_brand","embeddable":true,"href":"https:\/\/yfconnectivity.com\/de\/wp-json\/wp\/v2\/product_brand?post=3672"},{"taxonomy":"product_cat","embeddable":true,"href":"https:\/\/yfconnectivity.com\/de\/wp-json\/wp\/v2\/product_cat?post=3672"},{"taxonomy":"product_tag","embeddable":true,"href":"https:\/\/yfconnectivity.com\/de\/wp-json\/wp\/v2\/product_tag?post=3672"}],"curies":[{"name":"wp","href":"https:\/\/api.w.org\/{rel}","templated":true}]}}