{"id":3667,"date":"2025-07-12T11:14:00","date_gmt":"2025-07-12T10:14:00","guid":{"rendered":"https:\/\/yfconnectivity.com\/?post_type=product&#038;p=3667"},"modified":"2025-07-12T11:14:00","modified_gmt":"2025-07-12T10:14:00","slug":"st-apc-0-9mm-stecker","status":"publish","type":"product","link":"https:\/\/yfconnectivity.com\/de\/product\/st-apc-0-9mm-connector\/","title":{"rendered":"ST APC 0.9mm Stecker"},"content":{"rendered":"<p data-start=\"146\" data-end=\"496\">Die <strong data-start=\"150\" data-end=\"176\">ST APC 0.9mm Stecker<\/strong> ist eine kompakte, hochpr\u00e4zise L\u00f6sung f\u00fcr <strong data-start=\"219\" data-end=\"248\">Singlemode-Simplex-Faser<\/strong> Anwendungen mit einer <strong data-start=\"270\" data-end=\"300\">0,9 mm dicht gepuffertes Kabel<\/strong>. Es bietet eine <strong data-start=\"316\" data-end=\"353\">Bajonettverschluss mit Drehverriegelung<\/strong> f\u00fcr schnelle und sichere Verbindungen, zusammen mit einem <strong data-start=\"402\" data-end=\"426\">APC-geschliffene Aderendh\u00fclse<\/strong> um sicherzustellen <strong data-start=\"437\" data-end=\"469\">geringe Einf\u00fcgungsd\u00e4mpfung (\u22640,25dB)<\/strong> und <strong data-start=\"474\" data-end=\"495\">R\u00fcckflussd\u00e4mpfung \u226560dB<\/strong>.<\/p>\n<p data-start=\"498\" data-end=\"766\">Seine einfache Struktur mit <strong data-start=\"524\" data-end=\"537\">Sprengring<\/strong>, <strong data-start=\"539\" data-end=\"553\">gr\u00fcner Stiefel<\/strong>und robustes Federpaket unterst\u00fctzt <strong data-start=\"591\" data-end=\"618\">\u00fcber 1000 Paarungszyklen<\/strong>und damit ideal f\u00fcr <strong data-start=\"640\" data-end=\"658\">Pr\u00fcfger\u00e4te<\/strong>, <strong data-start=\"660\" data-end=\"680\">Telekommunikationsnetze<\/strong>und <strong data-start=\"686\" data-end=\"712\">Messger\u00e4teaufbauten<\/strong> wo zuverl\u00e4ssige, platzsparende Steckverbinder erforderlich sind.<\/p>\n<p data-start=\"498\" data-end=\"766\">Steckerteile: Staubkappe, H\u00fclse, Feder, \u00e4u\u00dferer Rahmen, Sprengring, gr\u00fcne Manschette<\/p>","protected":false},"excerpt":{"rendered":"<p>The ST APC 0.9mm Connector is a compact, high-precision solution for single-mode simplex fiber applications using a 0.9mm tight-buffered cable. [&hellip;]<\/p>\n","protected":false},"featured_media":3668,"template":"","meta":{"_acf_changed":false,"site-sidebar-layout":"default","site-content-layout":"","ast-site-content-layout":"default","site-content-style":"default","site-sidebar-style":"default","ast-global-header-display":"","ast-banner-title-visibility":"","ast-main-header-display":"","ast-hfb-above-header-display":"","ast-hfb-below-header-display":"","ast-hfb-mobile-header-display":"","site-post-title":"","ast-breadcrumbs-content":"","ast-featured-img":"","footer-sml-layout":"","ast-disable-related-posts":"","theme-transparent-header-meta":"default","adv-header-id-meta":"","stick-header-meta":"","header-above-stick-meta":"","header-main-stick-meta":"","header-below-stick-meta":"","astra-migrate-meta-layouts":"set","ast-page-background-enabled":"default","ast-page-background-meta":{"desktop":{"background-color":"var(--ast-global-color-5)","background-image":"","background-repeat":"repeat","background-position":"center center","background-size":"auto","background-attachment":"scroll","background-type":"","background-media":"","overlay-type":"","overlay-color":"","overlay-opacity":"","overlay-gradient":""},"tablet":{"background-color":"","background-image":"","background-repeat":"repeat","background-position":"center center","background-size":"auto","background-attachment":"scroll","background-type":"","background-media":"","overlay-type":"","overlay-color":"","overlay-opacity":"","overlay-gradient":""},"mobile":{"background-color":"","background-image":"","background-repeat":"repeat","background-position":"center center","background-size":"auto","background-attachment":"scroll","background-type":"","background-media":"","overlay-type":"","overlay-color":"","overlay-opacity":"","overlay-gradient":""}},"ast-content-background-meta":{"desktop":{"background-color":"var(--ast-global-color-4)","background-image":"","background-repeat":"repeat","background-position":"center center","background-size":"auto","background-attachment":"scroll","background-type":"","background-media":"","overlay-type":"","overlay-color":"","overlay-opacity":"","overlay-gradient":""},"tablet":{"background-color":"var(--ast-global-color-4)","background-image":"","background-repeat":"repeat","background-position":"center center","background-size":"auto","background-attachment":"scroll","background-type":"","background-media":"","overlay-type":"","overlay-color":"","overlay-opacity":"","overlay-gradient":""},"mobile":{"background-color":"var(--ast-global-color-4)","background-image":"","background-repeat":"repeat","background-position":"center center","background-size":"auto","background-attachment":"scroll","background-type":"","background-media":"","overlay-type":"","overlay-color":"","overlay-opacity":"","overlay-gradient":""}}},"product_brand":[],"product_cat":[53],"product_tag":[],"class_list":{"0":"post-3667","1":"product","2":"type-product","3":"status-publish","4":"has-post-thumbnail","6":"product_cat-st-fiber-optic-connectors","7":"desktop-align-left","8":"tablet-align-left","9":"mobile-align-left","11":"first","12":"instock","13":"shipping-taxable","14":"product-type-simple"},"acf":[],"_links":{"self":[{"href":"https:\/\/yfconnectivity.com\/de\/wp-json\/wp\/v2\/product\/3667","targetHints":{"allow":["GET"]}}],"collection":[{"href":"https:\/\/yfconnectivity.com\/de\/wp-json\/wp\/v2\/product"}],"about":[{"href":"https:\/\/yfconnectivity.com\/de\/wp-json\/wp\/v2\/types\/product"}],"wp:featuredmedia":[{"embeddable":true,"href":"https:\/\/yfconnectivity.com\/de\/wp-json\/wp\/v2\/media\/3668"}],"wp:attachment":[{"href":"https:\/\/yfconnectivity.com\/de\/wp-json\/wp\/v2\/media?parent=3667"}],"wp:term":[{"taxonomy":"product_brand","embeddable":true,"href":"https:\/\/yfconnectivity.com\/de\/wp-json\/wp\/v2\/product_brand?post=3667"},{"taxonomy":"product_cat","embeddable":true,"href":"https:\/\/yfconnectivity.com\/de\/wp-json\/wp\/v2\/product_cat?post=3667"},{"taxonomy":"product_tag","embeddable":true,"href":"https:\/\/yfconnectivity.com\/de\/wp-json\/wp\/v2\/product_tag?post=3667"}],"curies":[{"name":"wp","href":"https:\/\/api.w.org\/{rel}","templated":true}]}}