{"id":3662,"date":"2025-07-12T09:49:27","date_gmt":"2025-07-12T08:49:27","guid":{"rendered":"https:\/\/yfconnectivity.com\/?post_type=product&#038;p=3662"},"modified":"2025-07-12T09:49:28","modified_gmt":"2025-07-12T08:49:28","slug":"fc-apc-0-9mm-stecker","status":"publish","type":"product","link":"https:\/\/yfconnectivity.com\/de\/product\/fc-apc-0-9mm-connector\/","title":{"rendered":"FC APC 0.9mm Stecker"},"content":{"rendered":"<p data-start=\"110\" data-end=\"424\">Die <strong data-start=\"114\" data-end=\"140\">FC APC 0.9mm Stecker<\/strong> ist f\u00fcr pr\u00e4zise Singlemode-Glasfaserverbindungen in <strong data-start=\"200\" data-end=\"227\">schmal gepuffert (0,9 mm)<\/strong> Umgebungen. Ausgestattet mit einem <strong data-start=\"254\" data-end=\"282\">sichere Verschraubung<\/strong> und APC-geschliffener Aderendh\u00fclse, bietet es <strong data-start=\"321\" data-end=\"353\">geringe Einf\u00fcgungsd\u00e4mpfung (\u22640,25dB)<\/strong> und <strong data-start=\"358\" data-end=\"386\">hohe R\u00fcckflussd\u00e4mpfung (\u226560dB)<\/strong>-Ideal f\u00fcr Anwendungen mit hoher Genauigkeit.<\/p>\n<p data-start=\"426\" data-end=\"712\">Der kompakte gr\u00fcne Stiefel, <strong data-start=\"450\" data-end=\"476\">verstellbare Hinterh\u00fclse<\/strong>und eine langlebige Aderendh\u00fclse sorgen f\u00fcr zuverl\u00e4ssige Verbindungen in <strong data-start=\"538\" data-end=\"551\">Testlaboratorien<\/strong>, <strong data-start=\"553\" data-end=\"572\">Telekommunikationsanlagen<\/strong>und <strong data-start=\"578\" data-end=\"609\">faseroptische Instrumentierung<\/strong>. Ausgelegt f\u00fcr \u00fcber <strong data-start=\"626\" data-end=\"648\">1000 Steckzyklen<\/strong>Sie bietet auch unter anspruchsvollen Bedingungen lang anhaltende Stabilit\u00e4t.<\/p>\n<p data-start=\"426\" data-end=\"712\">Steckerteile: Staubkappe, vordere H\u00fclse, \u00e4u\u00dferer Rahmen, H\u00fclseneinheit, Feder, angepasste hintere H\u00fclse, gr\u00fcne Manschette<\/p>","protected":false},"excerpt":{"rendered":"<p>The FC APC 0.9mm Connector is designed for precision single-mode fiber connections in narrow-buffered (0.9mm) environments. Featuring a secure threaded [&hellip;]<\/p>\n","protected":false},"featured_media":3663,"template":"","meta":{"_acf_changed":false,"site-sidebar-layout":"default","site-content-layout":"","ast-site-content-layout":"default","site-content-style":"default","site-sidebar-style":"default","ast-global-header-display":"","ast-banner-title-visibility":"","ast-main-header-display":"","ast-hfb-above-header-display":"","ast-hfb-below-header-display":"","ast-hfb-mobile-header-display":"","site-post-title":"","ast-breadcrumbs-content":"","ast-featured-img":"","footer-sml-layout":"","ast-disable-related-posts":"","theme-transparent-header-meta":"default","adv-header-id-meta":"","stick-header-meta":"","header-above-stick-meta":"","header-main-stick-meta":"","header-below-stick-meta":"","astra-migrate-meta-layouts":"set","ast-page-background-enabled":"default","ast-page-background-meta":{"desktop":{"background-color":"var(--ast-global-color-5)","background-image":"","background-repeat":"repeat","background-position":"center center","background-size":"auto","background-attachment":"scroll","background-type":"","background-media":"","overlay-type":"","overlay-color":"","overlay-opacity":"","overlay-gradient":""},"tablet":{"background-color":"","background-image":"","background-repeat":"repeat","background-position":"center center","background-size":"auto","background-attachment":"scroll","background-type":"","background-media":"","overlay-type":"","overlay-color":"","overlay-opacity":"","overlay-gradient":""},"mobile":{"background-color":"","background-image":"","background-repeat":"repeat","background-position":"center center","background-size":"auto","background-attachment":"scroll","background-type":"","background-media":"","overlay-type":"","overlay-color":"","overlay-opacity":"","overlay-gradient":""}},"ast-content-background-meta":{"desktop":{"background-color":"var(--ast-global-color-4)","background-image":"","background-repeat":"repeat","background-position":"center center","background-size":"auto","background-attachment":"scroll","background-type":"","background-media":"","overlay-type":"","overlay-color":"","overlay-opacity":"","overlay-gradient":""},"tablet":{"background-color":"var(--ast-global-color-4)","background-image":"","background-repeat":"repeat","background-position":"center center","background-size":"auto","background-attachment":"scroll","background-type":"","background-media":"","overlay-type":"","overlay-color":"","overlay-opacity":"","overlay-gradient":""},"mobile":{"background-color":"var(--ast-global-color-4)","background-image":"","background-repeat":"repeat","background-position":"center center","background-size":"auto","background-attachment":"scroll","background-type":"","background-media":"","overlay-type":"","overlay-color":"","overlay-opacity":"","overlay-gradient":""}}},"product_brand":[],"product_cat":[52],"product_tag":[],"class_list":{"0":"post-3662","1":"product","2":"type-product","3":"status-publish","4":"has-post-thumbnail","6":"product_cat-fc-fiber-optic-connectors","7":"desktop-align-left","8":"tablet-align-left","9":"mobile-align-left","11":"first","12":"instock","13":"shipping-taxable","14":"product-type-simple"},"acf":[],"_links":{"self":[{"href":"https:\/\/yfconnectivity.com\/de\/wp-json\/wp\/v2\/product\/3662","targetHints":{"allow":["GET"]}}],"collection":[{"href":"https:\/\/yfconnectivity.com\/de\/wp-json\/wp\/v2\/product"}],"about":[{"href":"https:\/\/yfconnectivity.com\/de\/wp-json\/wp\/v2\/types\/product"}],"wp:featuredmedia":[{"embeddable":true,"href":"https:\/\/yfconnectivity.com\/de\/wp-json\/wp\/v2\/media\/3663"}],"wp:attachment":[{"href":"https:\/\/yfconnectivity.com\/de\/wp-json\/wp\/v2\/media?parent=3662"}],"wp:term":[{"taxonomy":"product_brand","embeddable":true,"href":"https:\/\/yfconnectivity.com\/de\/wp-json\/wp\/v2\/product_brand?post=3662"},{"taxonomy":"product_cat","embeddable":true,"href":"https:\/\/yfconnectivity.com\/de\/wp-json\/wp\/v2\/product_cat?post=3662"},{"taxonomy":"product_tag","embeddable":true,"href":"https:\/\/yfconnectivity.com\/de\/wp-json\/wp\/v2\/product_tag?post=3662"}],"curies":[{"name":"wp","href":"https:\/\/api.w.org\/{rel}","templated":true}]}}