{"id":3652,"date":"2025-07-12T08:27:48","date_gmt":"2025-07-12T07:27:48","guid":{"rendered":"https:\/\/yfconnectivity.com\/?post_type=product&#038;p=3652"},"modified":"2025-08-01T12:01:03","modified_gmt":"2025-08-01T11:01:03","slug":"lc-uniboot-stecker-mit-schalterpolaritat-1","status":"publish","type":"product","link":"https:\/\/yfconnectivity.com\/de\/product\/lc-uniboot-connector-with-switch-polarity-1\/","title":{"rendered":"LC Uniboot-Stecker mit Schalterpolarit\u00e4t-1"},"content":{"rendered":"<p>Der LC APC Uniboot-Stecker mit umschaltbarer Polarit\u00e4t ist f\u00fcr Singlemode-Glasfasersysteme mit hoher Dichte optimiert. Er unterst\u00fctzt die einfache Umkehrung der Polarit\u00e4t ohne Werkzeug und hilft so, das Glasfasermanagement zu optimieren und die Installationszeit zu reduzieren.<\/p>\n<p>Die robuste, APC-geschliffene Ferrule sorgt f\u00fcr eine geringe Einf\u00fcged\u00e4mpfung (\u22640,25dB) und eine hohe R\u00fcckflussd\u00e4mpfung (\u226560dB) f\u00fcr eine stabile optische Leistung. Das 3,0-mm-Duplexkabel, der integrierte Stopper und das robuste Dual-Geh\u00e4use-Design gew\u00e4hrleisten einen zuverl\u00e4ssigen Betrieb in FTTx-, Rechenzentrums- und Telekommunikationsumgebungen. Dieser Steckverbinder ist f\u00fcr \u00fcber 1000 Steckzyklen ausgelegt und kombiniert Flexibilit\u00e4t und langfristige Haltbarkeit.<\/p>","protected":false},"excerpt":{"rendered":"<p>The LC APC Uniboot Connector with Switchable Polarity is optimized for high-density single-mode fiber systems. It supports easy polarity reversal [&hellip;]<\/p>\n","protected":false},"featured_media":3653,"template":"","meta":{"_acf_changed":false,"site-sidebar-layout":"default","site-content-layout":"","ast-site-content-layout":"default","site-content-style":"default","site-sidebar-style":"default","ast-global-header-display":"","ast-banner-title-visibility":"","ast-main-header-display":"","ast-hfb-above-header-display":"","ast-hfb-below-header-display":"","ast-hfb-mobile-header-display":"","site-post-title":"","ast-breadcrumbs-content":"","ast-featured-img":"","footer-sml-layout":"","ast-disable-related-posts":"","theme-transparent-header-meta":"default","adv-header-id-meta":"","stick-header-meta":"","header-above-stick-meta":"","header-main-stick-meta":"","header-below-stick-meta":"","astra-migrate-meta-layouts":"set","ast-page-background-enabled":"default","ast-page-background-meta":{"desktop":{"background-color":"var(--ast-global-color-5)","background-image":"","background-repeat":"repeat","background-position":"center center","background-size":"auto","background-attachment":"scroll","background-type":"","background-media":"","overlay-type":"","overlay-color":"","overlay-opacity":"","overlay-gradient":""},"tablet":{"background-color":"","background-image":"","background-repeat":"repeat","background-position":"center center","background-size":"auto","background-attachment":"scroll","background-type":"","background-media":"","overlay-type":"","overlay-color":"","overlay-opacity":"","overlay-gradient":""},"mobile":{"background-color":"","background-image":"","background-repeat":"repeat","background-position":"center center","background-size":"auto","background-attachment":"scroll","background-type":"","background-media":"","overlay-type":"","overlay-color":"","overlay-opacity":"","overlay-gradient":""}},"ast-content-background-meta":{"desktop":{"background-color":"var(--ast-global-color-4)","background-image":"","background-repeat":"repeat","background-position":"center center","background-size":"auto","background-attachment":"scroll","background-type":"","background-media":"","overlay-type":"","overlay-color":"","overlay-opacity":"","overlay-gradient":""},"tablet":{"background-color":"var(--ast-global-color-4)","background-image":"","background-repeat":"repeat","background-position":"center center","background-size":"auto","background-attachment":"scroll","background-type":"","background-media":"","overlay-type":"","overlay-color":"","overlay-opacity":"","overlay-gradient":""},"mobile":{"background-color":"var(--ast-global-color-4)","background-image":"","background-repeat":"repeat","background-position":"center center","background-size":"auto","background-attachment":"scroll","background-type":"","background-media":"","overlay-type":"","overlay-color":"","overlay-opacity":"","overlay-gradient":""}}},"product_brand":[],"product_cat":[47],"product_tag":[],"class_list":{"0":"post-3652","1":"product","2":"type-product","3":"status-publish","4":"has-post-thumbnail","6":"product_cat-lc-fiber-optic-connectors","7":"desktop-align-left","8":"tablet-align-left","9":"mobile-align-left","11":"first","12":"instock","13":"sale","14":"shipping-taxable","15":"purchasable","16":"product-type-simple"},"acf":[],"_links":{"self":[{"href":"https:\/\/yfconnectivity.com\/de\/wp-json\/wp\/v2\/product\/3652","targetHints":{"allow":["GET"]}}],"collection":[{"href":"https:\/\/yfconnectivity.com\/de\/wp-json\/wp\/v2\/product"}],"about":[{"href":"https:\/\/yfconnectivity.com\/de\/wp-json\/wp\/v2\/types\/product"}],"wp:featuredmedia":[{"embeddable":true,"href":"https:\/\/yfconnectivity.com\/de\/wp-json\/wp\/v2\/media\/3653"}],"wp:attachment":[{"href":"https:\/\/yfconnectivity.com\/de\/wp-json\/wp\/v2\/media?parent=3652"}],"wp:term":[{"taxonomy":"product_brand","embeddable":true,"href":"https:\/\/yfconnectivity.com\/de\/wp-json\/wp\/v2\/product_brand?post=3652"},{"taxonomy":"product_cat","embeddable":true,"href":"https:\/\/yfconnectivity.com\/de\/wp-json\/wp\/v2\/product_cat?post=3652"},{"taxonomy":"product_tag","embeddable":true,"href":"https:\/\/yfconnectivity.com\/de\/wp-json\/wp\/v2\/product_tag?post=3652"}],"curies":[{"name":"wp","href":"https:\/\/api.w.org\/{rel}","templated":true}]}}