{"id":3646,"date":"2025-07-12T08:14:35","date_gmt":"2025-07-12T07:14:35","guid":{"rendered":"https:\/\/yfconnectivity.com\/?post_type=product&#038;p=3646"},"modified":"2025-07-12T09:20:45","modified_gmt":"2025-07-12T08:20:45","slug":"lc-apc-uniboot-anschluss","status":"publish","type":"product","link":"https:\/\/yfconnectivity.com\/de\/product\/lc-apc-uniboot-connector\/","title":{"rendered":"LC APC Uniboot-Anschluss"},"content":{"rendered":"<p data-start=\"74\" data-end=\"437\">Die <strong data-start=\"78\" data-end=\"106\">LC APC Uniboot-Anschluss<\/strong> wurde f\u00fcr Singlemode-Anwendungen mit hoher Dichte entwickelt und kombiniert zwei Fasern in einem einzigen 3,0-mm-Kabel, um das Durcheinander zu reduzieren und den Luftstrom zu verbessern. Mit <strong data-start=\"253\" data-end=\"285\">geringe Einf\u00fcgungsd\u00e4mpfung (\u22640,25dB)<\/strong> und <strong data-start=\"290\" data-end=\"318\">hohe R\u00fcckflussd\u00e4mpfung (\u226560dB)<\/strong>Es gew\u00e4hrleistet eine stabile, reflexionsarme Signal\u00fcbertragung - ideal f\u00fcr <strong data-start=\"384\" data-end=\"392\">FTTx<\/strong>, <strong data-start=\"394\" data-end=\"410\">Datenzentren<\/strong>und <strong data-start=\"416\" data-end=\"436\">Telekommunikationsnetze<\/strong>.<\/p>\n<p data-start=\"439\" data-end=\"686\">Seine <strong data-start=\"443\" data-end=\"467\">APC-geschliffene Aderendh\u00fclse<\/strong>dauerhafte Struktur, und <strong data-start=\"492\" data-end=\"519\">\u00fcber 1000 Paarungszyklen<\/strong> bieten eine langfristige Leistung, w\u00e4hrend das gr\u00fcne Geh\u00e4use eine einfache Identifizierung der APC gew\u00e4hrleistet. Ein sicherer Clip und ein Schrumpfschlauch machen die Installation schnell und zuverl\u00e4ssig.<\/p>\n<p data-start=\"439\" data-end=\"686\">Steckerteile: Staubkappe, gr\u00fcnes Au\u00dfengeh\u00e4use, Klemmring, Feder, kleiner durchsichtiger Schlauch, Innenrahmen, Clip, Nietring, Schrumpfschlauch, wei\u00dfe Manschette<\/p>","protected":false},"excerpt":{"rendered":"<p>The LC APC Uniboot Connector is designed for high-density single-mode applications, combining two fibers into a single 3.0mm cable to [&hellip;]<\/p>\n","protected":false},"featured_media":3648,"template":"","meta":{"_acf_changed":false,"site-sidebar-layout":"default","site-content-layout":"","ast-site-content-layout":"default","site-content-style":"default","site-sidebar-style":"default","ast-global-header-display":"","ast-banner-title-visibility":"","ast-main-header-display":"","ast-hfb-above-header-display":"","ast-hfb-below-header-display":"","ast-hfb-mobile-header-display":"","site-post-title":"","ast-breadcrumbs-content":"","ast-featured-img":"","footer-sml-layout":"","ast-disable-related-posts":"","theme-transparent-header-meta":"default","adv-header-id-meta":"","stick-header-meta":"","header-above-stick-meta":"","header-main-stick-meta":"","header-below-stick-meta":"","astra-migrate-meta-layouts":"set","ast-page-background-enabled":"default","ast-page-background-meta":{"desktop":{"background-color":"var(--ast-global-color-5)","background-image":"","background-repeat":"repeat","background-position":"center center","background-size":"auto","background-attachment":"scroll","background-type":"","background-media":"","overlay-type":"","overlay-color":"","overlay-opacity":"","overlay-gradient":""},"tablet":{"background-color":"","background-image":"","background-repeat":"repeat","background-position":"center center","background-size":"auto","background-attachment":"scroll","background-type":"","background-media":"","overlay-type":"","overlay-color":"","overlay-opacity":"","overlay-gradient":""},"mobile":{"background-color":"","background-image":"","background-repeat":"repeat","background-position":"center center","background-size":"auto","background-attachment":"scroll","background-type":"","background-media":"","overlay-type":"","overlay-color":"","overlay-opacity":"","overlay-gradient":""}},"ast-content-background-meta":{"desktop":{"background-color":"var(--ast-global-color-4)","background-image":"","background-repeat":"repeat","background-position":"center center","background-size":"auto","background-attachment":"scroll","background-type":"","background-media":"","overlay-type":"","overlay-color":"","overlay-opacity":"","overlay-gradient":""},"tablet":{"background-color":"var(--ast-global-color-4)","background-image":"","background-repeat":"repeat","background-position":"center center","background-size":"auto","background-attachment":"scroll","background-type":"","background-media":"","overlay-type":"","overlay-color":"","overlay-opacity":"","overlay-gradient":""},"mobile":{"background-color":"var(--ast-global-color-4)","background-image":"","background-repeat":"repeat","background-position":"center center","background-size":"auto","background-attachment":"scroll","background-type":"","background-media":"","overlay-type":"","overlay-color":"","overlay-opacity":"","overlay-gradient":""}}},"product_brand":[],"product_cat":[47],"product_tag":[],"class_list":{"0":"post-3646","1":"product","2":"type-product","3":"status-publish","4":"has-post-thumbnail","6":"product_cat-lc-fiber-optic-connectors","7":"desktop-align-left","8":"tablet-align-left","9":"mobile-align-left","11":"first","12":"instock","13":"shipping-taxable","14":"product-type-simple"},"acf":[],"_links":{"self":[{"href":"https:\/\/yfconnectivity.com\/de\/wp-json\/wp\/v2\/product\/3646","targetHints":{"allow":["GET"]}}],"collection":[{"href":"https:\/\/yfconnectivity.com\/de\/wp-json\/wp\/v2\/product"}],"about":[{"href":"https:\/\/yfconnectivity.com\/de\/wp-json\/wp\/v2\/types\/product"}],"wp:featuredmedia":[{"embeddable":true,"href":"https:\/\/yfconnectivity.com\/de\/wp-json\/wp\/v2\/media\/3648"}],"wp:attachment":[{"href":"https:\/\/yfconnectivity.com\/de\/wp-json\/wp\/v2\/media?parent=3646"}],"wp:term":[{"taxonomy":"product_brand","embeddable":true,"href":"https:\/\/yfconnectivity.com\/de\/wp-json\/wp\/v2\/product_brand?post=3646"},{"taxonomy":"product_cat","embeddable":true,"href":"https:\/\/yfconnectivity.com\/de\/wp-json\/wp\/v2\/product_cat?post=3646"},{"taxonomy":"product_tag","embeddable":true,"href":"https:\/\/yfconnectivity.com\/de\/wp-json\/wp\/v2\/product_tag?post=3646"}],"curies":[{"name":"wp","href":"https:\/\/api.w.org\/{rel}","templated":true}]}}