{"id":2515,"date":"2025-05-21T09:52:50","date_gmt":"2025-05-21T08:52:50","guid":{"rendered":"https:\/\/yfconnectivity.com\/?post_type=product&#038;p=2515"},"modified":"2025-07-11T13:35:41","modified_gmt":"2025-07-11T12:35:41","slug":"sc-upc-0-9mm-faseroptischer-stecker","status":"publish","type":"product","link":"https:\/\/yfconnectivity.com\/de\/product\/sc-upc-0-9mm-fiber-optic-connector\/","title":{"rendered":"SC\/UPC 0.9mm Stecker"},"content":{"rendered":"<p class=\"\" data-start=\"117\" data-end=\"199\"><strong data-start=\"117\" data-end=\"199\">SC\/UPC 0,9mm Glasfaserstecker - Hochpr\u00e4zise, mehrfarbig, Simplex Typ<\/strong><\/p>\n<p class=\"\" data-start=\"201\" data-end=\"506\">Der SC\/UPC 0,9mm-Steckverbinder ist ein hochleistungsf\u00e4higer Simplex-Glasfasersteckverbinder, der f\u00fcr schnelle und zuverl\u00e4ssige Abschl\u00fcsse in Singlemode-Glasfasernetzen entwickelt wurde. Entwickelt f\u00fcr Langlebigkeit und niedrige Einf\u00fcgungsd\u00e4mpfung, bietet dieser Stecker eine hohe R\u00fcckflussd\u00e4mpfung (\u226555dB) mit UPC poliertem Typ f\u00fcr stabile Signalleistung.<\/p>\n<p class=\"\" data-start=\"508\" data-end=\"858\">Dieser Steckverbinder verf\u00fcgt \u00fcber eine 0,9-mm-Standardbuchse, die sich f\u00fcr verschiedene Netzwerkkodierungs- und -managementanwendungen eignet. Zu den internen Komponenten geh\u00f6ren eine Pr\u00e4zisionskeramikferrule, eine Feder, ein Stopper, eine Manschette und ein Schutzgeh\u00e4use, die eine gleichbleibende optische Leistung und &gt;1000 Steckzyklen gew\u00e4hrleisten.<\/p>\n<p class=\"\" data-start=\"860\" data-end=\"1086\">Der SC\/UPC-Steckverbinder wird h\u00e4ufig in Glasfaser-Patchkabeln, Pigtails und Field-Termination-Kits verwendet und bietet eine einfache Installation, stabile Leistung und farbcodierten Komfort in Rechenzentren, FTTx-Implementierungen und Telekommunikationsnetzen.<\/p>","protected":false},"excerpt":{"rendered":"<p>SC\/UPC 0.9mm Fiber Optic Connector \u2013 High-Precision, Multi-Color, Simplex Type The SC\/UPC 0.9mm connector is a high-performance simplex fiber optic [&hellip;]<\/p>\n","protected":false},"featured_media":2519,"template":"","meta":{"_acf_changed":false,"site-sidebar-layout":"default","site-content-layout":"","ast-site-content-layout":"default","site-content-style":"default","site-sidebar-style":"default","ast-global-header-display":"","ast-banner-title-visibility":"","ast-main-header-display":"","ast-hfb-above-header-display":"","ast-hfb-below-header-display":"","ast-hfb-mobile-header-display":"","site-post-title":"","ast-breadcrumbs-content":"","ast-featured-img":"","footer-sml-layout":"","ast-disable-related-posts":"","theme-transparent-header-meta":"default","adv-header-id-meta":"","stick-header-meta":"","header-above-stick-meta":"","header-main-stick-meta":"","header-below-stick-meta":"","astra-migrate-meta-layouts":"set","ast-page-background-enabled":"default","ast-page-background-meta":{"desktop":{"background-color":"var(--ast-global-color-5)","background-image":"","background-repeat":"repeat","background-position":"center center","background-size":"auto","background-attachment":"scroll","background-type":"","background-media":"","overlay-type":"","overlay-color":"","overlay-opacity":"","overlay-gradient":""},"tablet":{"background-color":"","background-image":"","background-repeat":"repeat","background-position":"center center","background-size":"auto","background-attachment":"scroll","background-type":"","background-media":"","overlay-type":"","overlay-color":"","overlay-opacity":"","overlay-gradient":""},"mobile":{"background-color":"","background-image":"","background-repeat":"repeat","background-position":"center center","background-size":"auto","background-attachment":"scroll","background-type":"","background-media":"","overlay-type":"","overlay-color":"","overlay-opacity":"","overlay-gradient":""}},"ast-content-background-meta":{"desktop":{"background-color":"var(--ast-global-color-4)","background-image":"","background-repeat":"repeat","background-position":"center center","background-size":"auto","background-attachment":"scroll","background-type":"","background-media":"","overlay-type":"","overlay-color":"","overlay-opacity":"","overlay-gradient":""},"tablet":{"background-color":"var(--ast-global-color-4)","background-image":"","background-repeat":"repeat","background-position":"center center","background-size":"auto","background-attachment":"scroll","background-type":"","background-media":"","overlay-type":"","overlay-color":"","overlay-opacity":"","overlay-gradient":""},"mobile":{"background-color":"var(--ast-global-color-4)","background-image":"","background-repeat":"repeat","background-position":"center center","background-size":"auto","background-attachment":"scroll","background-type":"","background-media":"","overlay-type":"","overlay-color":"","overlay-opacity":"","overlay-gradient":""}}},"product_brand":[],"product_cat":[48],"product_tag":[],"class_list":{"0":"post-2515","1":"product","2":"type-product","3":"status-publish","4":"has-post-thumbnail","6":"product_cat-sc-fiber-optic-coneectors","7":"desktop-align-left","8":"tablet-align-left","9":"mobile-align-left","11":"first","12":"instock","13":"shipping-taxable","14":"product-type-simple"},"acf":[],"_links":{"self":[{"href":"https:\/\/yfconnectivity.com\/de\/wp-json\/wp\/v2\/product\/2515","targetHints":{"allow":["GET"]}}],"collection":[{"href":"https:\/\/yfconnectivity.com\/de\/wp-json\/wp\/v2\/product"}],"about":[{"href":"https:\/\/yfconnectivity.com\/de\/wp-json\/wp\/v2\/types\/product"}],"wp:featuredmedia":[{"embeddable":true,"href":"https:\/\/yfconnectivity.com\/de\/wp-json\/wp\/v2\/media\/2519"}],"wp:attachment":[{"href":"https:\/\/yfconnectivity.com\/de\/wp-json\/wp\/v2\/media?parent=2515"}],"wp:term":[{"taxonomy":"product_brand","embeddable":true,"href":"https:\/\/yfconnectivity.com\/de\/wp-json\/wp\/v2\/product_brand?post=2515"},{"taxonomy":"product_cat","embeddable":true,"href":"https:\/\/yfconnectivity.com\/de\/wp-json\/wp\/v2\/product_cat?post=2515"},{"taxonomy":"product_tag","embeddable":true,"href":"https:\/\/yfconnectivity.com\/de\/wp-json\/wp\/v2\/product_tag?post=2515"}],"curies":[{"name":"wp","href":"https:\/\/api.w.org\/{rel}","templated":true}]}}