{"id":2495,"date":"2025-05-21T04:39:37","date_gmt":"2025-05-21T03:39:37","guid":{"rendered":"https:\/\/yfconnectivity.com\/?post_type=product&#038;p=2495"},"modified":"2025-05-21T04:41:30","modified_gmt":"2025-05-21T03:41:30","slug":"faseroptischer-abschlusskasten-8-adern-a01","status":"publish","type":"product","link":"https:\/\/yfconnectivity.com\/de\/product\/fiber-optical-termination-box-8-cores-a01\/","title":{"rendered":"Verteilungsabschluss Box 8 Adern A01"},"content":{"rendered":"<p class=\"\" data-start=\"176\" data-end=\"266\"><strong data-start=\"176\" data-end=\"266\">8 Core Outdoor Fiber Optical Termination Box A01 - Kompakt, langlebig und wartungsfreundlich<\/strong><\/p>\n<p class=\"\" data-start=\"268\" data-end=\"473\">Diese 8-adrige Glasfaseranschlussdose (FAT) ist speziell f\u00fcr FTTX-Anwendungen im Au\u00dfenbereich konzipiert. Sie ist aus hochfestem ABS gefertigt und gew\u00e4hrleistet Witterungsbest\u00e4ndigkeit und lange Lebensdauer auch in rauen Umgebungen.<\/p>\n<p class=\"\" data-start=\"475\" data-end=\"737\">Die interne Umschlagstruktur und die getrennten Splei\u00df-\/Patch-Zonen vereinfachen die Kabelorganisation, Kapazit\u00e4tserweiterung und Wartung. Mit Platz f\u00fcr 8 Adapter und Kompatibilit\u00e4t mit 1\u00d78 Mini-PLC-Splittern ist diese Box ideal f\u00fcr Glasfaserzugangsnetze auf der letzten Meile.<\/p>\n<p class=\"\" data-start=\"739\" data-end=\"893\">Dank einer Lebensdauer des Steckers von mehr als 1000 Mal und einer breiten Betriebstemperatur (-40\u2103 bis +85\u2103) bietet er eine ausgezeichnete Zuverl\u00e4ssigkeit und einfache Handhabung f\u00fcr den Einsatz vor Ort.<\/p>","protected":false},"excerpt":{"rendered":"<p>8 Core Outdoor Fiber Optical Termination Box A01 \u2013 Compact, Durable &amp; Easy to Maintain This 8-core fiber optic termination [&hellip;]<\/p>\n","protected":false},"featured_media":2496,"template":"","meta":{"_acf_changed":false,"site-sidebar-layout":"default","site-content-layout":"","ast-site-content-layout":"default","site-content-style":"default","site-sidebar-style":"default","ast-global-header-display":"","ast-banner-title-visibility":"","ast-main-header-display":"","ast-hfb-above-header-display":"","ast-hfb-below-header-display":"","ast-hfb-mobile-header-display":"","site-post-title":"","ast-breadcrumbs-content":"","ast-featured-img":"","footer-sml-layout":"","ast-disable-related-posts":"","theme-transparent-header-meta":"default","adv-header-id-meta":"","stick-header-meta":"","header-above-stick-meta":"","header-main-stick-meta":"","header-below-stick-meta":"","astra-migrate-meta-layouts":"set","ast-page-background-enabled":"default","ast-page-background-meta":{"desktop":{"background-color":"var(--ast-global-color-5)","background-image":"","background-repeat":"repeat","background-position":"center center","background-size":"auto","background-attachment":"scroll","background-type":"","background-media":"","overlay-type":"","overlay-color":"","overlay-opacity":"","overlay-gradient":""},"tablet":{"background-color":"","background-image":"","background-repeat":"repeat","background-position":"center center","background-size":"auto","background-attachment":"scroll","background-type":"","background-media":"","overlay-type":"","overlay-color":"","overlay-opacity":"","overlay-gradient":""},"mobile":{"background-color":"","background-image":"","background-repeat":"repeat","background-position":"center center","background-size":"auto","background-attachment":"scroll","background-type":"","background-media":"","overlay-type":"","overlay-color":"","overlay-opacity":"","overlay-gradient":""}},"ast-content-background-meta":{"desktop":{"background-color":"var(--ast-global-color-4)","background-image":"","background-repeat":"repeat","background-position":"center center","background-size":"auto","background-attachment":"scroll","background-type":"","background-media":"","overlay-type":"","overlay-color":"","overlay-opacity":"","overlay-gradient":""},"tablet":{"background-color":"var(--ast-global-color-4)","background-image":"","background-repeat":"repeat","background-position":"center center","background-size":"auto","background-attachment":"scroll","background-type":"","background-media":"","overlay-type":"","overlay-color":"","overlay-opacity":"","overlay-gradient":""},"mobile":{"background-color":"var(--ast-global-color-4)","background-image":"","background-repeat":"repeat","background-position":"center center","background-size":"auto","background-attachment":"scroll","background-type":"","background-media":"","overlay-type":"","overlay-color":"","overlay-opacity":"","overlay-gradient":""}}},"product_brand":[],"product_cat":[39],"product_tag":[],"class_list":{"0":"post-2495","1":"product","2":"type-product","3":"status-publish","4":"has-post-thumbnail","6":"product_cat-fiber-optic-distribution-box","7":"desktop-align-left","8":"tablet-align-left","9":"mobile-align-left","11":"first","12":"instock","13":"shipping-taxable","14":"product-type-simple"},"acf":[],"_links":{"self":[{"href":"https:\/\/yfconnectivity.com\/de\/wp-json\/wp\/v2\/product\/2495","targetHints":{"allow":["GET"]}}],"collection":[{"href":"https:\/\/yfconnectivity.com\/de\/wp-json\/wp\/v2\/product"}],"about":[{"href":"https:\/\/yfconnectivity.com\/de\/wp-json\/wp\/v2\/types\/product"}],"wp:featuredmedia":[{"embeddable":true,"href":"https:\/\/yfconnectivity.com\/de\/wp-json\/wp\/v2\/media\/2496"}],"wp:attachment":[{"href":"https:\/\/yfconnectivity.com\/de\/wp-json\/wp\/v2\/media?parent=2495"}],"wp:term":[{"taxonomy":"product_brand","embeddable":true,"href":"https:\/\/yfconnectivity.com\/de\/wp-json\/wp\/v2\/product_brand?post=2495"},{"taxonomy":"product_cat","embeddable":true,"href":"https:\/\/yfconnectivity.com\/de\/wp-json\/wp\/v2\/product_cat?post=2495"},{"taxonomy":"product_tag","embeddable":true,"href":"https:\/\/yfconnectivity.com\/de\/wp-json\/wp\/v2\/product_tag?post=2495"}],"curies":[{"name":"wp","href":"https:\/\/api.w.org\/{rel}","templated":true}]}}